{"id":253,"date":"2017-07-07T22:56:24","date_gmt":"2017-07-07T22:56:24","guid":{"rendered":"http:\/\/dourotur.utad.pt\/?page_id=253\/"},"modified":"2017-07-08T20:41:52","modified_gmt":"2017-07-08T20:41:52","slug":"dourotur","status":"publish","type":"page","link":"https:\/\/dourotur.utad.pt\/en\/","title":{"rendered":"DOUROTUR"},"content":{"rendered":"<h1>\u201cTurismo e Inova\u00e7\u00e3o Tecnol\u00f3gica no Douro\u201d<\/h1>\n<p>O presente projeto de investiga\u00e7\u00e3o pretende colmatar o fosso existente entre as potencialidades do Douro e o seu desenvolvimento, maximizando o papel do turismo na estimula\u00e7\u00e3o da economia local, sob uma perspetiva sist\u00e9mica e hol\u00edstica. Para este fim, \u00e9 fundamental que a oferta se revele diferenciadora e promotora das vantagens competitivas da regi\u00e3o, ao encontro de uma procura cada vez mais exigente, mais informada e com uma variedade crescente de destinos alternativos ao seu dispor; adicionalmente, a componente tecnol\u00f3gica \u00e9 fundamental para aproximar os dois grandes blocos do sistema tur\u00edstico \u2013 a oferta e a procura.<\/p>\n","protected":false},"excerpt":{"rendered":"<p>\u201cTurismo e Inova\u00e7\u00e3o Tecnol\u00f3gica no Douro\u201d O presente projeto de investiga\u00e7\u00e3o pretende colmatar o fosso existente entre as potencialidades do Douro e o seu desenvolvimento, maximizando o papel do turismo na estimula\u00e7\u00e3o da economia local, sob uma perspetiva sist\u00e9mica e hol\u00edstica. Para este fim, \u00e9 fundamental que a oferta se revele diferenciadora e promotora das<\/p>\n","protected":false},"author":1,"featured_media":0,"parent":0,"menu_order":0,"comment_status":"closed","ping_status":"closed","template":"","meta":{"footnotes":""},"class_list":["post-253","page","type-page","status-publish","hentry"],"_links":{"self":[{"href":"https:\/\/dourotur.utad.pt\/en\/wp-json\/wp\/v2\/pages\/253"}],"collection":[{"href":"https:\/\/dourotur.utad.pt\/en\/wp-json\/wp\/v2\/pages"}],"about":[{"href":"https:\/\/dourotur.utad.pt\/en\/wp-json\/wp\/v2\/types\/page"}],"author":[{"embeddable":true,"href":"https:\/\/dourotur.utad.pt\/en\/wp-json\/wp\/v2\/users\/1"}],"replies":[{"embeddable":true,"href":"https:\/\/dourotur.utad.pt\/en\/wp-json\/wp\/v2\/comments?post=253"}],"version-history":[{"count":2,"href":"https:\/\/dourotur.utad.pt\/en\/wp-json\/wp\/v2\/pages\/253\/revisions"}],"predecessor-version":[{"id":278,"href":"https:\/\/dourotur.utad.pt\/en\/wp-json\/wp\/v2\/pages\/253\/revisions\/278"}],"wp:attachment":[{"href":"https:\/\/dourotur.utad.pt\/en\/wp-json\/wp\/v2\/media?parent=253"}],"curies":[{"name":"wp","href":"https:\/\/api.w.org\/{rel}","templated":true}]}}